{"id":729,"date":"2024-01-15T18:38:12","date_gmt":"2024-01-15T16:38:12","guid":{"rendered":"https:\/\/www.simpledissenys.com\/?page_id=729"},"modified":"2024-04-15T12:02:10","modified_gmt":"2024-04-15T10:02:10","slug":"talleres-y-charlas","status":"publish","type":"page","link":"https:\/\/www.simpledissenys.com\/es\/talleres-y-charlas\/","title":{"rendered":"TALLERES Y CHARLAS"},"content":{"rendered":"<div class=\"wpb-content-wrapper\"><p>[vc_row css_animation=\u00bb\u00bb row_type=\u00bbrow\u00bb use_row_as_full_screen_section=\u00bbno\u00bb type=\u00bbgrid\u00bb angled_section=\u00bbno\u00bb text_align=\u00bbleft\u00bb background_image_as_pattern=\u00bbwithout_pattern\u00bb z_index=\u00bb\u00bb padding_top=\u00bb30&#8243;][vc_column][vc_column_text]<\/p>\n<p style=\"text-align: right;\"><a href=\"\/es\">Inicio<\/a> \/\/ Talleres y charlas<\/p>\n<p>[\/vc_column_text][\/vc_column][\/vc_row][vc_row css_animation=\u00bb\u00bb row_type=\u00bbrow\u00bb use_row_as_full_screen_section=\u00bbno\u00bb type=\u00bbgrid\u00bb angled_section=\u00bbno\u00bb text_align=\u00bbleft\u00bb background_image_as_pattern=\u00bbwithout_pattern\u00bb z_index=\u00bb\u00bb padding_top=\u00bb75&#8243; padding_bottom=\u00bb20&#8243; anchor=\u00bbinici\u00bb][vc_column][vc_column_text]<\/p>\n<h1 style=\"text-align: left;\">Talleres y charlas<\/h1>\n<p>[\/vc_column_text][\/vc_column][\/vc_row][vc_row css_animation=\u00bb\u00bb row_type=\u00bbrow\u00bb use_row_as_full_screen_section=\u00bbno\u00bb type=\u00bbgrid\u00bb angled_section=\u00bbno\u00bb text_align=\u00bbleft\u00bb background_image_as_pattern=\u00bbwithout_pattern\u00bb z_index=\u00bb\u00bb padding_bottom=\u00bb75&#8243;][vc_column][vc_single_image image=\u00bb446&#8243; img_size=\u00bbfull\u00bb qode_css_animation=\u00bb\u00bb][\/vc_column][\/vc_row][vc_row css_animation=\u00bb\u00bb row_type=\u00bbrow\u00bb use_row_as_full_screen_section=\u00bbno\u00bb type=\u00bbgrid\u00bb angled_section=\u00bbno\u00bb text_align=\u00bbleft\u00bb background_image_as_pattern=\u00bbwithout_pattern\u00bb z_index=\u00bb\u00bb padding_bottom=\u00bb75&#8243;][vc_column width=\u00bb2\/5&#8243;][vc_row_inner row_type=\u00bbrow\u00bb type=\u00bbfull_width\u00bb text_align=\u00bbleft\u00bb css_animation=\u00bb\u00bb][vc_column_inner width=\u00bb1\/4&#8243;][vc_single_image image=\u00bb453&#8243; qode_css_animation=\u00bb\u00bb][vc_empty_space height=\u00bb25&#8243;][\/vc_column_inner][vc_column_inner width=\u00bb3\/4&#8243; css=\u00bb.vc_custom_1705342001074{padding-right: 25px !important;}\u00bb][vc_column_text]<\/p>\n<h2>Talleres de cocina<\/h2>\n<p>&nbsp;<\/p>\n<p>Una de mis grandes pasiones es cocinar y ejecutar \u00abdise\u00f1o gastron\u00f3mico\u00bb.<\/p>\n<p>&nbsp;<\/p>\n<p><span style=\"color: #94452b;\"><em>\u00abMe apasiona pensar en un plato y despu\u00e9s dise\u00f1arlo.\u00bb<\/em><\/span><\/p>\n<p>Las texturas, los colores, los olores&#8230; me enamoran.<\/p>\n<p>&nbsp;<\/p>\n<p>Por este motivo, ofrezco talleres de cocina vegetariana, saludable y de proximidad.<\/p>\n<p>&nbsp;<\/p>\n<p>Dise\u00f1ando gastronom\u00eda, y haci\u00e9ndolo coherentemente, pensando en todo. Por tanto, si tenemos que pensar en todo, lo esencial es contar con buenos profesionales del mundo de la alimentaci\u00f3n. Y por eso, os presentar\u00e9 a Sandra, la mejor nutricionista que conozco.<\/p>\n<p>&nbsp;<\/p>\n<p>Ambas ofreceremos talleres saludables, naturales y de proximidad.<\/p>\n<p>&nbsp;<\/p>\n<p>Talleres para empresas, escuelas, para grupos de j\u00f3venes\u2026[\/vc_column_text][vc_empty_space height=\u00bb50&#8243;][\/vc_column_inner][\/vc_row_inner][\/vc_column][vc_column width=\u00bb2\/5&#8243;][vc_row_inner row_type=\u00bbrow\u00bb type=\u00bbfull_width\u00bb text_align=\u00bbleft\u00bb css_animation=\u00bb\u00bb][vc_column_inner width=\u00bb1\/4&#8243;][vc_single_image image=\u00bb456&#8243; qode_css_animation=\u00bb\u00bb][vc_empty_space height=\u00bb25&#8243;][\/vc_column_inner][vc_column_inner width=\u00bb3\/4&#8243;][vc_column_text]<\/p>\n<h2>Charlas y talleres de econom\u00eda circular<\/h2>\n<p>&nbsp;<\/p>\n<p>Gracias a mi d\u00eda a d\u00eda, puedo decir que tengo una gran experiencia en la econom\u00eda circular.<\/p>\n<p>&nbsp;<\/p>\n<p>Y, por tanto, puedo ofrecer charlas sobre la mujer emprendedora, sostenible, digital y vegetariana.<\/p>\n<p>&nbsp;<\/p>\n<p>Ofreciendo una visi\u00f3n global de la vida digital ligada a la sostenibilidad, explicando mi vida profesional totalmente ligada a mi vida personal.<\/p>\n<p>&nbsp;<\/p>\n<p>Una mujer emprendedora, sostenible, digital y amante de la naturaleza.[\/vc_column_text][\/vc_column_inner][\/vc_row_inner][\/vc_column][vc_column width=\u00bb1\/5&#8243;][\/vc_column][\/vc_row]<\/p>\n<\/div>","protected":false},"excerpt":{"rendered":"<p>[vc_row css_animation=\u00bb\u00bb row_type=\u00bbrow\u00bb use_row_as_full_screen_section=\u00bbno\u00bb type=\u00bbgrid\u00bb angled_section=\u00bbno\u00bb text_align=\u00bbleft\u00bb background_image_as_pattern=\u00bbwithout_pattern\u00bb z_index=\u00bb\u00bb padding_top=\u00bb30&#8243;][vc_column][vc_column_text] Inicio \/\/ Talleres y charlas [\/vc_column_text][\/vc_column][\/vc_row][vc_row css_animation=\u00bb\u00bb row_type=\u00bbrow\u00bb use_row_as_full_screen_section=\u00bbno\u00bb type=\u00bbgrid\u00bb angled_section=\u00bbno\u00bb text_align=\u00bbleft\u00bb background_image_as_pattern=\u00bbwithout_pattern\u00bb z_index=\u00bb\u00bb padding_top=\u00bb75&#8243; padding_bottom=\u00bb20&#8243; anchor=\u00bbinici\u00bb][vc_column][vc_column_text] Talleres y charlas [\/vc_column_text][\/vc_column][\/vc_row][vc_row css_animation=\u00bb\u00bb row_type=\u00bbrow\u00bb use_row_as_full_screen_section=\u00bbno\u00bb type=\u00bbgrid\u00bb angled_section=\u00bbno\u00bb text_align=\u00bbleft\u00bb background_image_as_pattern=\u00bbwithout_pattern\u00bb z_index=\u00bb\u00bb padding_bottom=\u00bb75&#8243;][vc_column][vc_single_image image=\u00bb446&#8243; img_size=\u00bbfull\u00bb qode_css_animation=\u00bb\u00bb][\/vc_column][\/vc_row][vc_row css_animation=\u00bb\u00bb row_type=\u00bbrow\u00bb&hellip; <a class=\"continue\" href=\"https:\/\/www.simpledissenys.com\/es\/talleres-y-charlas\/\">CONTINUAR >><span> TALLERES Y CHARLAS<\/span><\/a><\/p>\n","protected":false},"author":1,"featured_media":0,"parent":0,"menu_order":0,"comment_status":"closed","ping_status":"closed","template":"full_width.php","meta":{"_joinchat":[],"footnotes":""},"class_list":["post-729","page","type-page","status-publish","hentry"],"_links":{"self":[{"href":"https:\/\/www.simpledissenys.com\/es\/wp-json\/wp\/v2\/pages\/729","targetHints":{"allow":["GET"]}}],"collection":[{"href":"https:\/\/www.simpledissenys.com\/es\/wp-json\/wp\/v2\/pages"}],"about":[{"href":"https:\/\/www.simpledissenys.com\/es\/wp-json\/wp\/v2\/types\/page"}],"author":[{"embeddable":true,"href":"https:\/\/www.simpledissenys.com\/es\/wp-json\/wp\/v2\/users\/1"}],"replies":[{"embeddable":true,"href":"https:\/\/www.simpledissenys.com\/es\/wp-json\/wp\/v2\/comments?post=729"}],"version-history":[{"count":2,"href":"https:\/\/www.simpledissenys.com\/es\/wp-json\/wp\/v2\/pages\/729\/revisions"}],"predecessor-version":[{"id":827,"href":"https:\/\/www.simpledissenys.com\/es\/wp-json\/wp\/v2\/pages\/729\/revisions\/827"}],"wp:attachment":[{"href":"https:\/\/www.simpledissenys.com\/es\/wp-json\/wp\/v2\/media?parent=729"}],"curies":[{"name":"wp","href":"https:\/\/api.w.org\/{rel}","templated":true}]}}