{"id":726,"date":"2024-01-15T20:46:30","date_gmt":"2024-01-15T18:46:30","guid":{"rendered":"https:\/\/www.simpledissenys.com\/?page_id=726"},"modified":"2024-04-15T12:02:03","modified_gmt":"2024-04-15T10:02:03","slug":"servicios","status":"publish","type":"page","link":"https:\/\/www.simpledissenys.com\/es\/servicios\/","title":{"rendered":"SERVICIOS"},"content":{"rendered":"<div class=\"wpb-content-wrapper\"><p>[vc_row css_animation=\u00bb\u00bb row_type=\u00bbrow\u00bb use_row_as_full_screen_section=\u00bbno\u00bb type=\u00bbgrid\u00bb angled_section=\u00bbno\u00bb text_align=\u00bbleft\u00bb background_image_as_pattern=\u00bbwithout_pattern\u00bb z_index=\u00bb\u00bb padding_top=\u00bb30&#8243;][vc_column][vc_column_text]<\/p>\n<p style=\"text-align: right;\"><a href=\"\/es\">Inicio<\/a> \/\/ Servicios<\/p>\n<p>[\/vc_column_text][\/vc_column][\/vc_row][vc_row css_animation=\u00bb\u00bb row_type=\u00bbrow\u00bb use_row_as_full_screen_section=\u00bbno\u00bb type=\u00bbgrid\u00bb angled_section=\u00bbno\u00bb text_align=\u00bbleft\u00bb background_image_as_pattern=\u00bbwithout_pattern\u00bb z_index=\u00bb\u00bb padding_top=\u00bb50&#8243; padding_bottom=\u00bb30&#8243; anchor=\u00bbinici\u00bb][vc_column width=\u00bb4\/5&#8243;][vc_column_text]<\/p>\n<h1 style=\"text-align: left;\">Servicios<\/h1>\n<p>[\/vc_column_text][vc_empty_space height=\u00bb25&#8243;][vc_column_text]<\/p>\n<h2>Dise\u00f1o gr\u00e1fico \u00b7 Dise\u00f1o de interiores \u00b7 Fotograf\u00eda \u00b7 Estilismo fotogr\u00e1fico \u00b7 Social media \u00b7 Web \u00b7 Bolsa de horas<\/h2>\n<p>[\/vc_column_text][\/vc_column][vc_column width=\u00bb1\/5&#8243;][\/vc_column][\/vc_row][vc_row css_animation=\u00bb\u00bb row_type=\u00bbrow\u00bb use_row_as_full_screen_section=\u00bbno\u00bb type=\u00bbgrid\u00bb angled_section=\u00bbno\u00bb text_align=\u00bbleft\u00bb background_image_as_pattern=\u00bbwithout_pattern\u00bb z_index=\u00bb\u00bb padding_bottom=\u00bb75&#8243;][vc_column][vc_single_image image=\u00bb438&#8243; img_size=\u00bbfull\u00bb qode_css_animation=\u00bb\u00bb][\/vc_column][\/vc_row][vc_row css_animation=\u00bb\u00bb row_type=\u00bbrow\u00bb use_row_as_full_screen_section=\u00bbno\u00bb type=\u00bbgrid\u00bb angled_section=\u00bbno\u00bb text_align=\u00bbleft\u00bb background_image_as_pattern=\u00bbwithout_pattern\u00bb z_index=\u00bb\u00bb][vc_column width=\u00bb2\/5&#8243;][vc_row_inner row_type=\u00bbrow\u00bb type=\u00bbfull_width\u00bb text_align=\u00bbleft\u00bb css_animation=\u00bb\u00bb][vc_column_inner width=\u00bb1\/4&#8243;][vc_single_image image=\u00bb540&#8243; img_size=\u00bb75&#215;115&#8243; qode_css_animation=\u00bb\u00bb][vc_empty_space height=\u00bb25&#8243;][\/vc_column_inner][vc_column_inner width=\u00bb3\/4&#8243;][vc_column_text]<\/p>\n<h2>Dise\u00f1o gr\u00e1fico<\/h2>\n<p>&nbsp;<\/p>\n<p>Trabajamos aspectos conceptuales, formales y creativos en el planteamiento de cada proyecto gr\u00e1fico para su correcta ejecuci\u00f3n.<\/p>\n<p>&nbsp;<\/p>\n<p>Dise\u00f1amos con valores, personalidad, con esencia, cercan\u00eda y mucha comunicaci\u00f3n. Piensa que esta ser\u00e1 su carta de presentaci\u00f3n.<\/p>\n<p>&nbsp;<\/p>\n<p>\u00b7 Creaci\u00f3n de marca (naming, logotipo y elementos de marca).<\/p>\n<p>\u00b7 Papeler\u00eda corporativa (carteles, flyers, cat\u00e1logos&#8230;).<\/p>\n<p>\u00b7 Packaging sostenible.[\/vc_column_text][vc_empty_space height=\u00bb50&#8243;][\/vc_column_inner][\/vc_row_inner][\/vc_column][vc_column width=\u00bb2\/5&#8243;][vc_row_inner row_type=\u00bbrow\u00bb type=\u00bbfull_width\u00bb text_align=\u00bbleft\u00bb css_animation=\u00bb\u00bb][vc_column_inner width=\u00bb1\/4&#8243;][vc_single_image image=\u00bb538&#8243; img_size=\u00bb75&#215;115&#8243; qode_css_animation=\u00bb\u00bb][vc_empty_space height=\u00bb25&#8243;][\/vc_column_inner][vc_column_inner width=\u00bb3\/4&#8243;][vc_column_text]<\/p>\n<h2>Dise\u00f1o de interiores<\/h2>\n<p>&nbsp;<\/p>\n<p>Dise\u00f1amos espacios nuevos, o no tan nuevos, haciendo que cada uno de ellos llegue a tener una personalidad y una visi\u00f3n global y natural.<\/p>\n<p>&nbsp;<\/p>\n<p>Creamos espacios personales y \u00fanicos, sin olvidarnos nunca de la sostenibilidad, desde la conceptualizaci\u00f3n hasta la producci\u00f3n del proyecto.<\/p>\n<p>&nbsp;<\/p>\n<p>\u00b7 Ferias, escaparates, showrooms.<\/p>\n<p>\u00b7 Espacios comerciales.<\/p>\n<p>\u00b7 Oficinas.<\/p>\n<p>\u00b7 Tu casa, la cocina, el ba\u00f1o&#8230;[\/vc_column_text][vc_empty_space height=\u00bb50&#8243;][\/vc_column_inner][\/vc_row_inner][\/vc_column][vc_column width=\u00bb1\/5&#8243;][\/vc_column][\/vc_row][vc_row css_animation=\u00bb\u00bb row_type=\u00bbrow\u00bb use_row_as_full_screen_section=\u00bbno\u00bb type=\u00bbgrid\u00bb angled_section=\u00bbno\u00bb text_align=\u00bbleft\u00bb background_image_as_pattern=\u00bbwithout_pattern\u00bb z_index=\u00bb\u00bb padding_top=\u00bb50&#8243; padding_bottom=\u00bb100&#8243;][vc_column width=\u00bb4\/5&#8243;][vc_row_inner row_type=\u00bbrow\u00bb type=\u00bbfull_width\u00bb text_align=\u00bbleft\u00bb css_animation=\u00bb\u00bb][vc_column_inner width=\u00bb1\/6&#8243;][\/vc_column_inner][vc_column_inner width=\u00bb3\/4&#8243;][vc_column_text]<\/p>\n<p style=\"color: #94452b; font-size: 26px; line-height: 1.25; text-align: left;\"><em>\u201c<span style=\"font-weight: 400;\">Me apasiona crear soluciones donde se sienta identificado<\/span>\u201d<\/em><\/p>\n<p>[\/vc_column_text][\/vc_column_inner][\/vc_row_inner][\/vc_column][vc_column width=\u00bb1\/5&#8243;][\/vc_column][\/vc_row][vc_row css_animation=\u00bb\u00bb row_type=\u00bbrow\u00bb use_row_as_full_screen_section=\u00bbno\u00bb type=\u00bbgrid\u00bb angled_section=\u00bbno\u00bb text_align=\u00bbleft\u00bb background_image_as_pattern=\u00bbwithout_pattern\u00bb z_index=\u00bb\u00bb][vc_column width=\u00bb2\/5&#8243;][vc_row_inner row_type=\u00bbrow\u00bb type=\u00bbfull_width\u00bb text_align=\u00bbleft\u00bb css_animation=\u00bb\u00bb][vc_column_inner width=\u00bb1\/4&#8243;][vc_single_image image=\u00bb542&#8243; img_size=\u00bb75&#215;115&#8243; qode_css_animation=\u00bb\u00bb][vc_empty_space height=\u00bb25&#8243;][\/vc_column_inner][vc_column_inner width=\u00bb3\/4&#8243;][vc_column_text]<\/p>\n<h2>Fotograf\u00eda<\/h2>\n<p>&nbsp;<\/p>\n<p>Acompa\u00f1aremos a tu marca con im\u00e1genes que la identifiquen y as\u00ed conseguiremos un estilo propio.<\/p>\n<p>&nbsp;<\/p>\n<p>\u00b7 Fotograf\u00eda de producto.<\/p>\n<p>\u00b7 Fotograf\u00eda de moda con modelos.<\/p>\n<p>\u00b7 Estilismo fotogr\u00e1fico.[\/vc_column_text][vc_empty_space height=\u00bb50&#8243;][\/vc_column_inner][\/vc_row_inner][\/vc_column][vc_column width=\u00bb2\/5&#8243;][vc_row_inner row_type=\u00bbrow\u00bb type=\u00bbfull_width\u00bb text_align=\u00bbleft\u00bb css_animation=\u00bb\u00bb][vc_column_inner width=\u00bb1\/4&#8243;][vc_single_image image=\u00bb544&#8243; img_size=\u00bb75&#215;115&#8243; qode_css_animation=\u00bb\u00bb][vc_empty_space height=\u00bb25&#8243;][\/vc_column_inner][vc_column_inner width=\u00bb3\/4&#8243;][vc_column_text]<\/p>\n<h2>Social media<\/h2>\n<p>&nbsp;<\/p>\n<p>Te ayudaremos a impulsar tu negocio con estrategias innovadoras en las distintas \u00e1reas del marketing digital. Estamos especializadas en redes sociales, publicidad y contenidos digitales:<\/p>\n<p>&nbsp;<\/p>\n<p>\u00b7 Gesti\u00f3n de redes sociales (community manager).<\/p>\n<p>\u00b7 Creaci\u00f3n de im\u00e1genes y v\u00eddeos personalizados por redes sociales.<\/p>\n<p>\u00b7 Publicidad para dar m\u00e1s visibilidad a la marca.<\/p>\n<p>\u00b7 Estrategia de ventas por ecommerce.<\/p>\n<p>\u00b7 Gesti\u00f3n de contactos, email marketing.<\/p>\n<p>\u00b7 Contenidos web y blog, seo optimizado.[\/vc_column_text][vc_empty_space height=\u00bb50&#8243;][\/vc_column_inner][\/vc_row_inner][\/vc_column][vc_column width=\u00bb1\/5&#8243;][\/vc_column][\/vc_row][vc_row css_animation=\u00bb\u00bb row_type=\u00bbrow\u00bb use_row_as_full_screen_section=\u00bbno\u00bb type=\u00bbgrid\u00bb angled_section=\u00bbno\u00bb text_align=\u00bbleft\u00bb background_image_as_pattern=\u00bbwithout_pattern\u00bb z_index=\u00bb\u00bb padding_top=\u00bb50&#8243; padding_bottom=\u00bb100&#8243;][vc_column width=\u00bb4\/5&#8243;][vc_row_inner row_type=\u00bbrow\u00bb type=\u00bbfull_width\u00bb text_align=\u00bbleft\u00bb css_animation=\u00bb\u00bb][vc_column_inner width=\u00bb1\/6&#8243;][\/vc_column_inner][vc_column_inner width=\u00bb3\/4&#8243;][vc_column_text]<\/p>\n<p style=\"color: #94452b; font-size: 26px; line-height: 1.25; text-align: left;\"><em>\u201cTrabajamos conjuntamente para potenciar las ventas y crecimiento de tus proyectos\u201d<\/em><\/p>\n<p>[\/vc_column_text][\/vc_column_inner][\/vc_row_inner][\/vc_column][vc_column width=\u00bb1\/5&#8243;][\/vc_column][\/vc_row][vc_row css_animation=\u00bb\u00bb row_type=\u00bbrow\u00bb use_row_as_full_screen_section=\u00bbno\u00bb type=\u00bbgrid\u00bb angled_section=\u00bbno\u00bb text_align=\u00bbleft\u00bb background_image_as_pattern=\u00bbwithout_pattern\u00bb z_index=\u00bb\u00bb padding_bottom=\u00bb25&#8243;][vc_column width=\u00bb2\/5&#8243;][vc_row_inner row_type=\u00bbrow\u00bb type=\u00bbfull_width\u00bb text_align=\u00bbleft\u00bb css_animation=\u00bb\u00bb][vc_column_inner width=\u00bb1\/4&#8243;][vc_single_image image=\u00bb546&#8243; img_size=\u00bb75&#215;115&#8243; qode_css_animation=\u00bb\u00bb][vc_empty_space height=\u00bb25&#8243;][\/vc_column_inner][vc_column_inner width=\u00bb3\/4&#8243;][vc_column_text]<\/p>\n<h2>Web<\/h2>\n<p>&nbsp;<\/p>\n<p>Dise\u00f1amos y construimos webs profesionales y personalizadas y tiendas online adaptadas a las necesidades de tu negocio.<\/p>\n<p>&nbsp;<\/p>\n<p>\u00b7 Dise\u00f1o y programaci\u00f3n web.<\/p>\n<p>\u00b7 Tiendas online e-commerce.<\/p>\n<p>\u00b7 Webs personalizadas.<\/p>\n<p>\u00b7 Copywriting.<\/p>\n<p>\u00b7 Dominio y hostings.<\/p>\n<p>\u00b7 Mantenimiento web.<\/p>\n<p>\u00b7 Modificaciones\/correcciones.<\/p>\n<p>\u00b7 Formaciones para la autogesti\u00f3n de la web.[\/vc_column_text][vc_empty_space height=\u00bb50&#8243;][\/vc_column_inner][\/vc_row_inner][\/vc_column][vc_column width=\u00bb2\/5&#8243;][vc_row_inner row_type=\u00bbrow\u00bb type=\u00bbfull_width\u00bb text_align=\u00bbleft\u00bb css_animation=\u00bb\u00bb][vc_column_inner width=\u00bb1\/4&#8243;][vc_single_image image=\u00bb536&#8243; img_size=\u00bb75&#215;115&#8243; qode_css_animation=\u00bb\u00bb][vc_empty_space height=\u00bb25&#8243;][\/vc_column_inner][vc_column_inner width=\u00bb3\/4&#8243;][vc_column_text]<\/p>\n<h2>Bolsa de horas<\/h2>\n<p>&nbsp;<\/p>\n<p>La propuesta es ideal para empresas que necesitan externalizar proyectos de dise\u00f1o y comunicaci\u00f3n.<\/p>\n<p>&nbsp;<\/p>\n<p>Ofrecemos servicios de dise\u00f1o y comunicaci\u00f3n adaptados a las necesidades de cada negocio a trav\u00e9s de bolsas de horas mensuales generadas seg\u00fan las necesidades. . A trav\u00e9s de la bolsa de horas solo vas a pagar el tiempo que estamos trabajando para ti. Nada menos.<\/p>\n<p>&nbsp;<\/p>\n<p>Estos son nuestros lotes de bolsa de horas:<\/p>\n<p>&nbsp;<\/p>\n<p>\u00b7 <strong>Lote de 20 horas:<\/strong> 700 euros.<\/p>\n<p>\u00b7 <strong>Lote de 50 horas:<\/strong> 1500 euros.[\/vc_column_text][vc_empty_space height=\u00bb50&#8243;][\/vc_column_inner][\/vc_row_inner][\/vc_column][vc_column width=\u00bb1\/5&#8243;][\/vc_column][\/vc_row]<\/p>\n<\/div>","protected":false},"excerpt":{"rendered":"<p>[vc_row css_animation=\u00bb\u00bb row_type=\u00bbrow\u00bb use_row_as_full_screen_section=\u00bbno\u00bb type=\u00bbgrid\u00bb angled_section=\u00bbno\u00bb text_align=\u00bbleft\u00bb background_image_as_pattern=\u00bbwithout_pattern\u00bb z_index=\u00bb\u00bb padding_top=\u00bb30&#8243;][vc_column][vc_column_text] Inicio \/\/ Servicios [\/vc_column_text][\/vc_column][\/vc_row][vc_row css_animation=\u00bb\u00bb row_type=\u00bbrow\u00bb use_row_as_full_screen_section=\u00bbno\u00bb type=\u00bbgrid\u00bb angled_section=\u00bbno\u00bb text_align=\u00bbleft\u00bb background_image_as_pattern=\u00bbwithout_pattern\u00bb z_index=\u00bb\u00bb padding_top=\u00bb50&#8243; padding_bottom=\u00bb30&#8243; anchor=\u00bbinici\u00bb][vc_column width=\u00bb4\/5&#8243;][vc_column_text] Servicios [\/vc_column_text][vc_empty_space height=\u00bb25&#8243;][vc_column_text] Dise\u00f1o gr\u00e1fico \u00b7 Dise\u00f1o de interiores \u00b7 Fotograf\u00eda \u00b7 Estilismo fotogr\u00e1fico \u00b7 Social media \u00b7 Web&hellip; <a class=\"continue\" href=\"https:\/\/www.simpledissenys.com\/es\/servicios\/\">CONTINUAR >><span> SERVICIOS<\/span><\/a><\/p>\n","protected":false},"author":1,"featured_media":0,"parent":0,"menu_order":0,"comment_status":"closed","ping_status":"closed","template":"full_width.php","meta":{"_joinchat":[],"footnotes":""},"class_list":["post-726","page","type-page","status-publish","hentry"],"_links":{"self":[{"href":"https:\/\/www.simpledissenys.com\/es\/wp-json\/wp\/v2\/pages\/726","targetHints":{"allow":["GET"]}}],"collection":[{"href":"https:\/\/www.simpledissenys.com\/es\/wp-json\/wp\/v2\/pages"}],"about":[{"href":"https:\/\/www.simpledissenys.com\/es\/wp-json\/wp\/v2\/types\/page"}],"author":[{"embeddable":true,"href":"https:\/\/www.simpledissenys.com\/es\/wp-json\/wp\/v2\/users\/1"}],"replies":[{"embeddable":true,"href":"https:\/\/www.simpledissenys.com\/es\/wp-json\/wp\/v2\/comments?post=726"}],"version-history":[{"count":5,"href":"https:\/\/www.simpledissenys.com\/es\/wp-json\/wp\/v2\/pages\/726\/revisions"}],"predecessor-version":[{"id":903,"href":"https:\/\/www.simpledissenys.com\/es\/wp-json\/wp\/v2\/pages\/726\/revisions\/903"}],"wp:attachment":[{"href":"https:\/\/www.simpledissenys.com\/es\/wp-json\/wp\/v2\/media?parent=726"}],"curies":[{"name":"wp","href":"https:\/\/api.w.org\/{rel}","templated":true}]}}