{"id":717,"date":"2024-01-15T14:10:13","date_gmt":"2024-01-15T12:10:13","guid":{"rendered":"https:\/\/www.simpledissenys.com\/?page_id=717"},"modified":"2025-05-22T08:28:25","modified_gmt":"2025-05-22T06:28:25","slug":"el-equipo","status":"publish","type":"page","link":"https:\/\/www.simpledissenys.com\/es\/el-equipo\/","title":{"rendered":"EL EQUIPO"},"content":{"rendered":"<div class=\"wpb-content-wrapper\"><p>[vc_row css_animation=\u00bb\u00bb row_type=\u00bbrow\u00bb use_row_as_full_screen_section=\u00bbno\u00bb type=\u00bbgrid\u00bb angled_section=\u00bbno\u00bb text_align=\u00bbleft\u00bb background_image_as_pattern=\u00bbwithout_pattern\u00bb z_index=\u00bb\u00bb padding_top=\u00bb30&#8243;][vc_column][vc_column_text]<\/p>\n<p style=\"text-align: right;\"><a href=\"\/es\">Inicio<\/a> \/\/ El equipo que me ayuda<\/p>\n<p>[\/vc_column_text][\/vc_column][\/vc_row][vc_row css_animation=\u00bb\u00bb row_type=\u00bbrow\u00bb use_row_as_full_screen_section=\u00bbno\u00bb type=\u00bbgrid\u00bb angled_section=\u00bbno\u00bb text_align=\u00bbleft\u00bb background_image_as_pattern=\u00bbwithout_pattern\u00bb z_index=\u00bb\u00bb padding_top=\u00bb50&#8243; padding_bottom=\u00bb75&#8243; anchor=\u00bbinici\u00bb][vc_column][vc_column_text]<\/p>\n<h1 style=\"text-align: left;\">El equipo que me ayuda<\/h1>\n<p>[\/vc_column_text][vc_empty_space height=\u00bb20&#8243;][vc_single_image image=\u00bb315&#8243; img_size=\u00bbfull\u00bb qode_css_animation=\u00bb\u00bb][\/vc_column][\/vc_row][vc_row css_animation=\u00bb\u00bb row_type=\u00bbrow\u00bb use_row_as_full_screen_section=\u00bbno\u00bb type=\u00bbgrid\u00bb angled_section=\u00bbno\u00bb text_align=\u00bbleft\u00bb background_image_as_pattern=\u00bbwithout_pattern\u00bb z_index=\u00bb\u00bb padding_bottom=\u00bb75&#8243;][vc_column width=\u00bb1\/6&#8243;][vc_single_image image=\u00bb251&#8243; img_size=\u00bb60&#215;125&#8243; qode_css_animation=\u00bb\u00bb][vc_empty_space height=\u00bb25&#8243;][\/vc_column][vc_column width=\u00bb2\/3&#8243;][vc_column_text]<\/p>\n<h2>Priorizo el teletrabajo de equipo<\/h2>\n<p>&nbsp;<\/p>\n<p>Todas y todos vivimos en municipios diferentes. Cristina vive en Vic, M\u00f2nica, en Centelles, Xevi vive en Tona. Las que viven m\u00e1s lejos son Ingrid y B\u00e0rbara, ellas tienen el estudio en Bag\u00e0, uno de mis municipios preferidos. Somos profesionales del dise\u00f1o gr\u00e1fico, dise\u00f1o y programaci\u00f3n web, fotograf\u00eda, estilismo, dise\u00f1o de interiores y marketing digital.[\/vc_column_text][vc_empty_space height=\u00bb25&#8243;]<a  itemprop=\"url\" href=\"\/es\/contacto\/\" target=\"_self\"  class=\"qbutton  default\" style=\"\">QUIERES HABLAR?<\/a>[vc_empty_space height=\u00bb75&#8243;][vc_row_inner row_type=\u00bbrow\u00bb type=\u00bbfull_width\u00bb text_align=\u00bbleft\u00bb css_animation=\u00bb\u00bb][vc_column_inner width=\u00bb1\/4&#8243;][vc_single_image image=\u00bb320&#8243; img_size=\u00bbfull\u00bb qode_css_animation=\u00bb\u00bb][vc_empty_space height=\u00bb25&#8243;][\/vc_column_inner][vc_column_inner width=\u00bb1\/4&#8243;][qode_elements_holder number_of_columns=\u00bbone_column\u00bb][qode_elements_holder_item vertical_alignment=\u00bbbottom\u00bb advanced_animations=\u00bbno\u00bb item_padding=\u00bb0px 15px 15px 0px\u00bb][vc_column_text]<\/p>\n<p style=\"text-align: left; font-size: 16px; line-height: 1.25;\">Cristina Mas\u00f3<br \/>\nDISE\u00d1O DE INTERIORES<\/p>\n<p>[\/vc_column_text][\/qode_elements_holder_item][\/qode_elements_holder][vc_empty_space height=\u00bb50&#8243;][\/vc_column_inner][vc_column_inner width=\u00bb1\/4&#8243;][vc_single_image image=\u00bb322&#8243; img_size=\u00bbfull\u00bb qode_css_animation=\u00bb\u00bb][vc_empty_space height=\u00bb25&#8243;][\/vc_column_inner][vc_column_inner width=\u00bb1\/4&#8243;][qode_elements_holder number_of_columns=\u00bbone_column\u00bb][qode_elements_holder_item advanced_animations=\u00bbno\u00bb item_padding=\u00bb0px 15px 0px 0px\u00bb][vc_column_text]<\/p>\n<p style=\"text-align: left; font-size: 16px; line-height: 1.25;\">\u00cdngrid i B\u00e0rbara.<br \/>\nCr\u00e9ixer en digital<br \/>\nMARKETING DIGITAL<\/p>\n<p>[\/vc_column_text][\/qode_elements_holder_item][\/qode_elements_holder][\/vc_column_inner][\/vc_row_inner][vc_empty_space height=\u00bb50&#8243;][vc_row_inner row_type=\u00bbrow\u00bb type=\u00bbfull_width\u00bb text_align=\u00bbleft\u00bb css_animation=\u00bb\u00bb][vc_column_inner width=\u00bb1\/4&#8243;][vc_single_image image=\u00bb324&#8243; img_size=\u00bbfull\u00bb qode_css_animation=\u00bb\u00bb][vc_empty_space height=\u00bb25&#8243;][\/vc_column_inner][vc_column_inner width=\u00bb1\/4&#8243;][qode_elements_holder number_of_columns=\u00bbone_column\u00bb][qode_elements_holder_item vertical_alignment=\u00bbbottom\u00bb advanced_animations=\u00bbno\u00bb item_padding=\u00bb0px 15px 15px 0px\u00bb][vc_column_text css=\u00bb\u00bb]<\/p>\n<p style=\"text-align: left; font-size: 16px; line-height: 1.25;\">Cristina<br \/>\nBanyador a ratlles<br \/>\nFOTOGRAF\u00cdA<\/p>\n<p>[\/vc_column_text][\/qode_elements_holder_item][\/qode_elements_holder][vc_empty_space height=\u00bb50&#8243;][\/vc_column_inner][vc_column_inner width=\u00bb1\/4&#8243;][vc_single_image image=\u00bb326&#8243; img_size=\u00bbfull\u00bb qode_css_animation=\u00bb\u00bb][vc_empty_space height=\u00bb25&#8243;][\/vc_column_inner][vc_column_inner width=\u00bb1\/4&#8243;][qode_elements_holder number_of_columns=\u00bbone_column\u00bb][qode_elements_holder_item advanced_animations=\u00bbno\u00bb item_padding=\u00bb0px 15px 0px 0px\u00bb][vc_column_text]<\/p>\n<p style=\"text-align: left; font-size: 16px; line-height: 1.25;\">Xavier Vilardell<br \/>\nBitWorks<br \/>\nWEB<\/p>\n<p>[\/vc_column_text][\/qode_elements_holder_item][\/qode_elements_holder][\/vc_column_inner][\/vc_row_inner][\/vc_column][vc_column width=\u00bb1\/6&#8243;][\/vc_column][\/vc_row]<\/p>\n<\/div>","protected":false},"excerpt":{"rendered":"<p>[vc_row css_animation=\u00bb\u00bb row_type=\u00bbrow\u00bb use_row_as_full_screen_section=\u00bbno\u00bb type=\u00bbgrid\u00bb angled_section=\u00bbno\u00bb text_align=\u00bbleft\u00bb background_image_as_pattern=\u00bbwithout_pattern\u00bb z_index=\u00bb\u00bb padding_top=\u00bb30&#8243;][vc_column][vc_column_text] Inicio \/\/ El equipo que me ayuda [\/vc_column_text][\/vc_column][\/vc_row][vc_row css_animation=\u00bb\u00bb row_type=\u00bbrow\u00bb use_row_as_full_screen_section=\u00bbno\u00bb type=\u00bbgrid\u00bb angled_section=\u00bbno\u00bb text_align=\u00bbleft\u00bb background_image_as_pattern=\u00bbwithout_pattern\u00bb z_index=\u00bb\u00bb padding_top=\u00bb50&#8243; padding_bottom=\u00bb75&#8243; anchor=\u00bbinici\u00bb][vc_column][vc_column_text] El equipo que me ayuda [\/vc_column_text][vc_empty_space height=\u00bb20&#8243;][vc_single_image image=\u00bb315&#8243; img_size=\u00bbfull\u00bb qode_css_animation=\u00bb\u00bb][\/vc_column][\/vc_row][vc_row css_animation=\u00bb\u00bb row_type=\u00bbrow\u00bb use_row_as_full_screen_section=\u00bbno\u00bb type=\u00bbgrid\u00bb angled_section=\u00bbno\u00bb text_align=\u00bbleft\u00bb&hellip; <a class=\"continue\" href=\"https:\/\/www.simpledissenys.com\/es\/el-equipo\/\">CONTINUAR >><span> EL EQUIPO<\/span><\/a><\/p>\n","protected":false},"author":1,"featured_media":0,"parent":0,"menu_order":0,"comment_status":"closed","ping_status":"closed","template":"full_width.php","meta":{"_joinchat":[],"footnotes":""},"class_list":["post-717","page","type-page","status-publish","hentry"],"_links":{"self":[{"href":"https:\/\/www.simpledissenys.com\/es\/wp-json\/wp\/v2\/pages\/717","targetHints":{"allow":["GET"]}}],"collection":[{"href":"https:\/\/www.simpledissenys.com\/es\/wp-json\/wp\/v2\/pages"}],"about":[{"href":"https:\/\/www.simpledissenys.com\/es\/wp-json\/wp\/v2\/types\/page"}],"author":[{"embeddable":true,"href":"https:\/\/www.simpledissenys.com\/es\/wp-json\/wp\/v2\/users\/1"}],"replies":[{"embeddable":true,"href":"https:\/\/www.simpledissenys.com\/es\/wp-json\/wp\/v2\/comments?post=717"}],"version-history":[{"count":8,"href":"https:\/\/www.simpledissenys.com\/es\/wp-json\/wp\/v2\/pages\/717\/revisions"}],"predecessor-version":[{"id":967,"href":"https:\/\/www.simpledissenys.com\/es\/wp-json\/wp\/v2\/pages\/717\/revisions\/967"}],"wp:attachment":[{"href":"https:\/\/www.simpledissenys.com\/es\/wp-json\/wp\/v2\/media?parent=717"}],"curies":[{"name":"wp","href":"https:\/\/api.w.org\/{rel}","templated":true}]}}