{"id":709,"date":"2016-07-19T07:41:58","date_gmt":"2016-07-19T05:41:58","guid":{"rendered":"https:\/\/www.simpledissenys.com\/?page_id=709"},"modified":"2024-04-15T12:00:50","modified_gmt":"2024-04-15T10:00:50","slug":"inicio","status":"publish","type":"page","link":"https:\/\/www.simpledissenys.com\/es\/","title":{"rendered":"INICIO"},"content":{"rendered":"<div class=\"wpb-content-wrapper\"><p>[vc_row css_animation=\u00bb\u00bb row_type=\u00bbrow\u00bb use_row_as_full_screen_section=\u00bbno\u00bb type=\u00bbfull_width\u00bb angled_section=\u00bbno\u00bb text_align=\u00bbleft\u00bb background_image_as_pattern=\u00bbwithout_pattern\u00bb][vc_column][vc_single_image image=\u00bb865&#8243; img_size=\u00bbfull\u00bb alignment=\u00bbcenter\u00bb qode_css_animation=\u00bb\u00bb][\/vc_column][\/vc_row][vc_row css_animation=\u00bb\u00bb row_type=\u00bbrow\u00bb use_row_as_full_screen_section=\u00bbno\u00bb type=\u00bbgrid\u00bb angled_section=\u00bbno\u00bb text_align=\u00bbleft\u00bb background_image_as_pattern=\u00bbwithout_pattern\u00bb z_index=\u00bb\u00bb padding_top=\u00bb75&#8243; padding_bottom=\u00bb75&#8243; anchor=\u00bbinici\u00bb][vc_column width=\u00bb1\/2&#8243; offset=\u00bbvc_hidden-md vc_hidden-sm vc_hidden-xs\u00bb][vc_single_image image=\u00bb251&#8243; img_size=\u00bb60&#215;125&#8243; qode_css_animation=\u00bb\u00bb][vc_empty_space height=\u00bb50&#8243;][\/vc_column][vc_column width=\u00bb1\/2&#8243;][vc_column_text]<\/p>\n<h1 style=\"text-align: left;\">SIMPLE, estudio de dise\u00f1o gr\u00e1fico, de interiores y de marketing<\/h1>\n<p>[\/vc_column_text][vc_empty_space height=\u00bb50&#8243;][vc_column_text]En SIMPLE, te ayudamos y te acompa\u00f1amos a impulsar tu proyecto y hacerlo realidad. Cada uno de vosotros forma parte del proyecto, porque no entendemos EL DISE\u00d1O sin comunicaci\u00f3n constante.<\/p>\n<p>&nbsp;<\/p>\n<p>Para poder hacer crecer un negocio, es necesario conocerlo el proyecto y qui\u00e9n lo est\u00e1 creando o de qui\u00e9n es. Somos profesionales del dise\u00f1o gr\u00e1fico, dise\u00f1o y programaci\u00f3n web, fotograf\u00eda, estilismo, dise\u00f1o de interiores y marketing digital.<\/p>\n<p>&nbsp;<\/p>\n<p>Con nosotros, tendr\u00e1s comunicaci\u00f3n constante y personalizada, estamos aqu\u00ed disponibles para cualquier duda, nueva idea, cambio&#8230;[\/vc_column_text][vc_empty_space height=\u00bb50&#8243;]<a  itemprop=\"url\" href=\"https:\/\/www.simpledissenys.com\/es\/servicios\/\" target=\"_self\"  class=\"qbutton  default\" style=\"\">EXPLORA ELS SERVEIS<\/a>[\/vc_column][\/vc_row][vc_row css_animation=\u00bb\u00bb row_type=\u00bbrow\u00bb use_row_as_full_screen_section=\u00bbno\u00bb type=\u00bbgrid\u00bb angled_section=\u00bbno\u00bb text_align=\u00bbleft\u00bb background_image_as_pattern=\u00bbwithout_pattern\u00bb css=\u00bb.vc_custom_1705331553238{background-color: #5e7062 !important;}\u00bb z_index=\u00bb\u00bb padding_top=\u00bb50&#8243; padding_bottom=\u00bb75&#8243; anchor=\u00bbla-s\u00bb][vc_column][vc_row_inner row_type=\u00bbrow\u00bb type=\u00bbfull_width\u00bb text_align=\u00bbleft\u00bb css_animation=\u00bb\u00bb][vc_column_inner width=\u00bb1\/2&#8243;][\/vc_column_inner][vc_column_inner width=\u00bb1\/2&#8243;][vc_single_image image=\u00bb246&#8243; img_size=\u00bbfull\u00bb qode_css_animation=\u00bb\u00bb][vc_empty_space height=\u00bb50&#8243;][\/vc_column_inner][\/vc_row_inner][vc_row_inner row_type=\u00bbrow\u00bb type=\u00bbfull_width\u00bb text_align=\u00bbleft\u00bb css_animation=\u00bb\u00bb][vc_column_inner width=\u00bb1\/2&#8243;][vc_single_image image=\u00bb859&#8243; img_size=\u00bbfull\u00bb qode_css_animation=\u00bb\u00bb][vc_empty_space height=\u00bb50&#8243;][\/vc_column_inner][vc_column_inner width=\u00bb1\/2&#8243;][vc_column_text]<\/p>\n<h2><span style=\"color: #ffffff;\">La S de simple, de Silvia y de sostenible<\/span><\/h2>\n<p>[\/vc_column_text][vc_empty_space height=\u00bb50&#8243;][vc_column_text]<span style=\"color: #ffffff;\">Yo soy el rostro visible de este estudio, el que lidera los proyectos, con una visi\u00f3n global y muy sensible y con un estilo propio.<\/span><\/p>\n<p>&nbsp;<\/p>\n<p><span style=\"color: #ffffff;\">Me gusta la simplicidad y la naturaleza y me considero una persona sostenible en mi vida laboral y personal. Es una filosof\u00eda de vida que ya escog\u00ed hace tiempo, e intento, en todo lo que puedo, ser el m\u00e1ximo de respetuosa con el nuestro planeta.<\/span><\/p>\n<p>&nbsp;<\/p>\n<p><span style=\"color: #ffffff;\">Ya hace a\u00f1os que estoy preocupada por el cambio clim\u00e1tico.<\/span><\/p>\n<p>&nbsp;<\/p>\n<p><span style=\"color: #ffffff;\">Soy una amante de la naturaleza y los animales a partes iguales. Los animales forman parte de mi vida, de ah\u00ed que llevo una vida vegetariana.<\/span><\/p>\n<p>&nbsp;<\/p>\n<p><span style=\"color: #ffffff;\">Siempre dise\u00f1o con una mirada tranquila y creativa rodeada de naturaleza. El lugar en el que vivo y trabajo es un peque\u00f1o espacio entre los Cingles de Bert\u00ed y el Montseny, que me permite escuchar el silencio y sentir la naturaleza.<\/span><\/p>\n<p>&nbsp;<\/p>\n<p><span style=\"color: #ffffff;\">Siempre que puedo me escapo a mi querido Pirineo, estas monta\u00f1as forman parte de mi vida.<\/span><\/p>\n<p>&nbsp;<\/p>\n<p><span style=\"color: #ffffff;\">La naturaleza siempre ha sido mi gran fuente de inspiraci\u00f3n.<\/span>[\/vc_column_text][\/vc_column_inner][\/vc_row_inner][\/vc_column][\/vc_row][vc_row css_animation=\u00bb\u00bb row_type=\u00bbrow\u00bb use_row_as_full_screen_section=\u00bbno\u00bb type=\u00bbgrid\u00bb angled_section=\u00bbno\u00bb text_align=\u00bbleft\u00bb background_image_as_pattern=\u00bbwithout_pattern\u00bb z_index=\u00bb\u00bb padding_top=\u00bb75&#8243; padding_bottom=\u00bb75&#8243;][vc_column width=\u00bb1\/2&#8243;][vc_column_text]<\/p>\n<h2>La sostenibilidad en el dise\u00f1o<\/h2>\n<p>[\/vc_column_text][vc_empty_space height=\u00bb50&#8243;][vc_column_text]Esta es mi filosof\u00eda principal a la hora de hacer cualquier proyecto.<\/p>\n<p>&nbsp;<\/p>\n<p>\u00b7 Imprimimos con materiales reutilizados, reciclados y reciclables, con tintas respetuosas, que reducen el uso del agua y materias t\u00f3xicas.<\/p>\n<p>&nbsp;<\/p>\n<p>\u00b7 Aprovechamos todo lo que podemos cuando dise\u00f1amos espacios nuevos, y reutilizamos muebles antiguos y les damos nueva vida.<\/p>\n<p>&nbsp;<\/p>\n<p>\u00b7 Dise\u00f1amos pensando en el presente y en el futuro del proyecto, valorando el impacto que provocar en el medio natural. Por esta raz\u00f3n, perfilamos mucho a la hora de escoger los materiales, la producci\u00f3n, la comercializaci\u00f3n, y el transporte y su destino final.<\/p>\n<p>&nbsp;<\/p>\n<p>\u00b7 Todas las fotos intentamos hacerlas en el exterior aprovechando al m\u00e1ximo la luz natural.<\/p>\n<p>&nbsp;<\/p>\n<p>Ser el 100% sostenibles es casi imposible, pero siempre intentamos buscar la mejor soluci\u00f3n para cada proyecto, y as\u00ed ser cada vez m\u00e1s respetuosos con el medio.<\/p>\n<p>&nbsp;<\/p>\n<p>El espacio donde vivo y trabajo, cada vez es m\u00e1s sostenible. \u00bfQuieres saber por qu\u00e9?[\/vc_column_text][vc_empty_space height=\u00bb50&#8243;]<a  itemprop=\"url\" href=\"\/es\/el-estudio-sostenible\/\" target=\"_self\"  class=\"qbutton  default\" style=\"\">VEN Y VER\u00c1S<\/a>[vc_empty_space height=\u00bb50&#8243;][\/vc_column][vc_column width=\u00bb1\/2&#8243; offset=\u00bbvc_hidden-md vc_hidden-sm vc_hidden-xs\u00bb][vc_single_image image=\u00bb252&#8243; img_size=\u00bb60&#215;125&#8243; alignment=\u00bbright\u00bb qode_css_animation=\u00bb\u00bb][\/vc_column][\/vc_row][vc_row css_animation=\u00bb\u00bb row_type=\u00bbrow\u00bb use_row_as_full_screen_section=\u00bbno\u00bb type=\u00bbgrid\u00bb angled_section=\u00bbno\u00bb text_align=\u00bbleft\u00bb background_image_as_pattern=\u00bbwithout_pattern\u00bb css=\u00bb.vc_custom_1705331700429{background-color: #5e7062 !important;}\u00bb z_index=\u00bb\u00bb padding_top=\u00bb50&#8243; padding_bottom=\u00bb75&#8243; anchor=\u00bbequip\u00bb][vc_column][vc_row_inner row_type=\u00bbrow\u00bb type=\u00bbfull_width\u00bb text_align=\u00bbleft\u00bb css_animation=\u00bb\u00bb][vc_column_inner width=\u00bb1\/2&#8243;][\/vc_column_inner][vc_column_inner width=\u00bb1\/2&#8243;][vc_single_image image=\u00bb246&#8243; img_size=\u00bbfull\u00bb qode_css_animation=\u00bb\u00bb][vc_empty_space height=\u00bb50&#8243;][\/vc_column_inner][\/vc_row_inner][vc_row_inner row_type=\u00bbrow\u00bb type=\u00bbfull_width\u00bb text_align=\u00bbleft\u00bb css_animation=\u00bb\u00bb][vc_column_inner width=\u00bb1\/2&#8243;][vc_single_image image=\u00bb856&#8243; img_size=\u00bbfull\u00bb qode_css_animation=\u00bb\u00bb][vc_empty_space height=\u00bb50&#8243;][\/vc_column_inner][vc_column_inner width=\u00bb1\/2&#8243;][vc_column_text]<\/p>\n<h2><span style=\"color: #ffffff;\">El equipo<\/span><\/h2>\n<p>&nbsp;<\/p>\n<h2><span style=\"color: #ffffff;\">\u00a1No lo hago todo yo! Cuento con un equipo de profesionales del dise\u00f1o gr\u00e1fico, dise\u00f1o y programaci\u00f3n web, fotograf\u00eda, estilismo, dise\u00f1o de interiores y marketing digital.<\/span><\/h2>\n<p>[\/vc_column_text][vc_empty_space height=\u00bb50&#8243;][vc_column_text]<span style=\"color: #ffffff;\">Dise\u00f1ar, fotografiar y cocinar&#8230; lo hago a diario porque es mi pasi\u00f3n, pero nunca sin olvidar que es necesario disfrutar de la vida.<\/span><\/p>\n<p>&nbsp;<\/p>\n<p><span style=\"color: #ffffff;\">Mi equipo de colaboradores est\u00e1 formado por profesionales de distintos \u00e1mbitos: dise\u00f1o de espacios, programaci\u00f3n web, fotograf\u00eda, estilismo y marketing digital.<\/span><\/p>\n<p>&nbsp;<\/p>\n<p><span style=\"color: #ffffff;\">Si bien es cierto, que yo me ocupo de la direcci\u00f3n estrat\u00e9gica y creativa de todo lo que hacemos para garantizar que todos los proyectos lleven el ADN simple.<\/span><\/p>\n<p>&nbsp;<\/p>\n<p><span style=\"color: #ffffff;\">Creo que los mejores proyectos surgen de la combinaci\u00f3n de distintas ideas y personas. Y es por eso que somos un equipo formado por personas de diferentes disciplinas.<\/span><\/p>\n<p>&nbsp;<\/p>\n<p><span style=\"color: #ffffff;\">\u00bfQuieres conocer a mis colaboradores?<\/span>[\/vc_column_text][vc_empty_space height=\u00bb50&#8243;]<a  itemprop=\"url\" href=\"\/es\/el-equipo\/\" target=\"_self\" data-hover-background-color='#5e7062' data-hover-border-color='#ffffff' data-hover-color='#ffffff' class=\"qbutton  default\" style=\"color: #5e7062; border-color: #5e7062; background-color: #ffffff;\">VEN<\/a>[\/vc_column_inner][\/vc_row_inner][\/vc_column][\/vc_row]<\/p>\n<\/div>","protected":false},"excerpt":{"rendered":"<p>[vc_row css_animation=\u00bb\u00bb row_type=\u00bbrow\u00bb use_row_as_full_screen_section=\u00bbno\u00bb type=\u00bbfull_width\u00bb angled_section=\u00bbno\u00bb text_align=\u00bbleft\u00bb background_image_as_pattern=\u00bbwithout_pattern\u00bb][vc_column][vc_single_image image=\u00bb865&#8243; img_size=\u00bbfull\u00bb alignment=\u00bbcenter\u00bb qode_css_animation=\u00bb\u00bb][\/vc_column][\/vc_row][vc_row css_animation=\u00bb\u00bb row_type=\u00bbrow\u00bb use_row_as_full_screen_section=\u00bbno\u00bb type=\u00bbgrid\u00bb angled_section=\u00bbno\u00bb text_align=\u00bbleft\u00bb background_image_as_pattern=\u00bbwithout_pattern\u00bb z_index=\u00bb\u00bb padding_top=\u00bb75&#8243; padding_bottom=\u00bb75&#8243; anchor=\u00bbinici\u00bb][vc_column width=\u00bb1\/2&#8243; offset=\u00bbvc_hidden-md vc_hidden-sm vc_hidden-xs\u00bb][vc_single_image image=\u00bb251&#8243; img_size=\u00bb60&#215;125&#8243; qode_css_animation=\u00bb\u00bb][vc_empty_space height=\u00bb50&#8243;][\/vc_column][vc_column width=\u00bb1\/2&#8243;][vc_column_text] SIMPLE, estudio de dise\u00f1o gr\u00e1fico, de interiores y de marketing [\/vc_column_text][vc_empty_space height=\u00bb50&#8243;][vc_column_text]En SIMPLE,&hellip; <a class=\"continue\" href=\"https:\/\/www.simpledissenys.com\/es\/\">CONTINUAR >><span> INICIO<\/span><\/a><\/p>\n","protected":false},"author":1,"featured_media":0,"parent":0,"menu_order":0,"comment_status":"closed","ping_status":"closed","template":"full_width.php","meta":{"_joinchat":[],"footnotes":""},"class_list":["post-709","page","type-page","status-publish","hentry"],"_links":{"self":[{"href":"https:\/\/www.simpledissenys.com\/es\/wp-json\/wp\/v2\/pages\/709","targetHints":{"allow":["GET"]}}],"collection":[{"href":"https:\/\/www.simpledissenys.com\/es\/wp-json\/wp\/v2\/pages"}],"about":[{"href":"https:\/\/www.simpledissenys.com\/es\/wp-json\/wp\/v2\/types\/page"}],"author":[{"embeddable":true,"href":"https:\/\/www.simpledissenys.com\/es\/wp-json\/wp\/v2\/users\/1"}],"replies":[{"embeddable":true,"href":"https:\/\/www.simpledissenys.com\/es\/wp-json\/wp\/v2\/comments?post=709"}],"version-history":[{"count":13,"href":"https:\/\/www.simpledissenys.com\/es\/wp-json\/wp\/v2\/pages\/709\/revisions"}],"predecessor-version":[{"id":874,"href":"https:\/\/www.simpledissenys.com\/es\/wp-json\/wp\/v2\/pages\/709\/revisions\/874"}],"wp:attachment":[{"href":"https:\/\/www.simpledissenys.com\/es\/wp-json\/wp\/v2\/media?parent=709"}],"curies":[{"name":"wp","href":"https:\/\/api.w.org\/{rel}","templated":true}]}}